{"id":20,"date":"2020-10-20T18:47:35","date_gmt":"2020-10-20T18:47:35","guid":{"rendered":"http:\/\/www.laexportcompany.com\/es\/?page_id=20"},"modified":"2020-11-02T19:49:32","modified_gmt":"2020-11-02T19:49:32","slug":"nuestros-servicios","status":"publish","type":"page","link":"http:\/\/www.laexportcompany.com\/es\/nuestros-servicios\/","title":{"rendered":"Nuestros Servicios"},"content":{"rendered":"<div class=\"row row-collapse row-full-width align-middle align-center nosotros-slider\"  id=\"row-256164414\">\n\n\t<div id=\"col-1648702635\" class=\"col small-12 large-12\"  >\n\t\t<div class=\"col-inner\"  >\n\t\t\t\n\t\t\t\n\n  <div class=\"banner has-hover\" id=\"banner-183137325\">\n          <div class=\"banner-inner fill\">\n        <div class=\"banner-bg fill\" >\n            <div class=\"bg fill bg-fill \"><\/div>\n                        <div class=\"overlay\"><\/div>            \n                    <\/div>\n        <div class=\"banner-layers container\">\n            <div class=\"fill banner-link\"><\/div>            \n   <div id=\"text-box-1400367500\" class=\"text-box banner-layer x50 md-x50 lg-x50 y85 md-y85 lg-y85 res-text\">\n                     <div data-animate=\"fadeInUp\">           <div class=\"text dark\">\n              \n              <div class=\"text-inner text-center\">\n                  \n<h2 class=\"uppercase\"><strong>NUESTROS SERVICIOS<\/strong><\/h2>\n              <\/div>\n           <\/div>\n       <\/div>                     \n<style>\n#text-box-1400367500 {\n  width: 60%;\n}\n#text-box-1400367500 .text {\n  font-size: 100%;\n}\n<\/style>\n    <\/div>\n \n        <\/div>\n      <\/div>\n\n            \n<style>\n#banner-183137325 {\n  padding-top: 325px;\n}\n#banner-183137325 .bg.bg-loaded {\n  background-image: url(http:\/\/www.laexportcompany.com\/es\/wp-content\/uploads\/2020\/10\/la-export-services-header-1.jpg);\n}\n#banner-183137325 .overlay {\n  background-color: rgba(0, 0, 0, 0.17);\n}\n<\/style>\n  <\/div>\n\n\n\t\t<\/div>\n\t\t\t<\/div>\n\n\t\n<\/div>\n\t<section class=\"section nosotros-s2\" id=\"section_869866061\">\n\t\t<div class=\"bg section-bg fill bg-fill  bg-loaded\" >\n\n\t\t\t\n\t\t\t\n\t\t\t\n\n\t\t<\/div>\n\n\t\t<div class=\"section-content relative\">\n\t\t\t\n<div class=\"row row-collapse align-center services-s3-row\"  id=\"row-947217231\">\n\n\t<div id=\"col-1025882343\" class=\"col small-12 large-12\"  >\n\t\t<div class=\"col-inner\"  >\n\t\t\t\n\t\t\t\n<div class=\"row row-collapse align-center\"  id=\"row-1055527821\">\n\n\t<div id=\"col-1797942527\" class=\"col medium-9 small-12 large-9\"  >\n\t\t<div class=\"col-inner text-center\"  >\n\t\t\t\n\t\t\t\n<p style=\"text-align: center!important;\">Ofrecemos alternativas flexibles para adaptar nuestra operaci\u00f3n a los requerimientos y las necesidades espec\u00edficas de los productos y la de cada uno de nuestros clientes. Creamos la estrategia m\u00e1s adecuada para cada situaci\u00f3n, tomando en cuenta el sector en el que desarrollan su actividad, los productos que desean exportar y los pa\u00edses a los que se quieren dirigir.<\/p>\n\t\t<\/div>\n\t\t\t<\/div>\n\n\t\n<\/div>\n<span class=\"scroll-to\" data-label=\"Scroll to: #exportacion\" data-bullet=\"false\" data-link=\"#exportacion\" data-title=\"Change this\"><a name=\"exportacion\"><\/a><\/span>\n<div class=\"row\"  id=\"row-495677704\">\n\n\t<div id=\"col-650430691\" class=\"col medium-6 small-12 large-6 small-col-first\"  >\n\t\t<div class=\"col-inner\"  >\n\t\t\t\n\t\t\t\n\t<div class=\"img has-hover x md-x lg-x y md-y lg-y\" id=\"image_142853201\">\n\t\t\t\t\t\t\t\t<div class=\"img-inner image-cover dark\" style=\"padding-top:450px;\">\n\t\t\t<img width=\"960\" height=\"540\" src=\"http:\/\/www.laexportcompany.com\/es\/wp-content\/uploads\/2020\/10\/LA-Export-Servicios-Exportacion.jpg\" class=\"attachment-original size-original\" alt=\"LA-Export-Servicios-Exportacion\" loading=\"lazy\" srcset=\"http:\/\/www.laexportcompany.com\/es\/wp-content\/uploads\/2020\/10\/LA-Export-Servicios-Exportacion.jpg 960w, http:\/\/www.laexportcompany.com\/es\/wp-content\/uploads\/2020\/10\/LA-Export-Servicios-Exportacion-300x169.jpg 300w, http:\/\/www.laexportcompany.com\/es\/wp-content\/uploads\/2020\/10\/LA-Export-Servicios-Exportacion-768x432.jpg 768w\" sizes=\"(max-width: 960px) 100vw, 960px\" \/>\t\t\t\t\t\t\n\t\t\t\t\t<\/div>\n\t\t\t\t\t\t\t\t\n<style>\n#image_142853201 {\n  width: 100%;\n}\n<\/style>\n\t<\/div>\n\t\n\t\t<\/div>\n\t\t\t<\/div>\n\n\t\n\n\t<div id=\"col-1023428650\" class=\"col medium-6 small-12 large-6\"  >\n\t\t<div class=\"col-inner\"  >\n\t\t\t\n\t\t\t\n<h2><strong>EXPORTACI\u00d3N<\/strong><\/h2>\n<p>Nuestra organizaci\u00f3n se centra principalmente en el manejo para la exportaci\u00f3n de desechos de metales ferrosos, los cuales son utilizados en la fundici\u00f3n del acero; tales como la chatarra de veh\u00edculos, electrodom\u00e9sticos, vigas de acero, buques, motores entre otros, as\u00ed tambi\u00e9n como los desechos de metales no ferrosos, aluminio, cobre, zinc, bronce. De igual manera ejecutamos procesos de exportaci\u00f3n de otros rubros, como minerales no met\u00e1licos, madera, cacao, frutas, maquinaria y equipos. Todo el proceso de exportaci\u00f3n de cualquier rubro es gestionado y llevado a cabo por nuestra organizaci\u00f3n, desde la ubicaci\u00f3n del material, acopio carga y la gesti\u00f3n de la documentaci\u00f3n legal.<\/p>\n<h3><strong>Embarques en Contenedores<\/strong><\/h3>\n<p>El proceso de exportaci\u00f3n mediante el uso de contenedores; requiere una log\u00edstica operacional para el empaque y llenado de estos. Contamos con una amplia gama de equipos y herramientas destinados a facilitar cualquier proceso de llenado de contenedores ya sean desechos ferrosos, minerales o alimentos. Gracias a nuestras herramientas, LA Export efectuar los procesos de logistica de empaque de contenedores optimizando tiempo, recursos y costos.<\/p>\n\t\t<\/div>\n\t\t\t<\/div>\n\n\t\n<\/div>\n<span class=\"scroll-to\" data-label=\"Scroll to: #aduanaje\" data-bullet=\"false\" data-link=\"#aduanaje\" data-title=\"Change this\"><a name=\"aduanaje\"><\/a><\/span>\n\t\t<\/div>\n\t\t\t<\/div>\n\n\t\n\n<style>\n#row-947217231 > .col > .col-inner {\n  padding: 0px 0px 40px 0px;\n}\n<\/style>\n<\/div>\n<div class=\"row row-collapse align-center\"  id=\"row-144718250\">\n\n\t<div id=\"col-1238760393\" class=\"col small-12 large-12\"  >\n\t\t<div class=\"col-inner\"  >\n\t\t\t\n\t\t\t\n<div class=\"row\"  id=\"row-1791430073\">\n\n\t<div id=\"col-899037097\" class=\"col medium-6 small-12 large-6\"  >\n\t\t<div class=\"col-inner\"  >\n\t\t\t\n\t\t\t\n<h2><strong>ADUANAJE<\/strong><\/h2>\n<p>Toda exportaci\u00f3n o importaci\u00f3n de mercanc\u00eda est\u00e1 sometida a un despacho aduanero, un proceso complejo de reglas y procedimientos requeridos para el comercio internacional. Cuando se enfrente a procesos de aduanaje puede contar con LA Export como su aliado ideal para ahorrar dinero, ser m\u00e1s eficaz y cumplir con los reglamentos oficiales. Nuestros asesores en comercio se dedican al agenciamiento aduanal de alto nivel, los cuales gestionan todo los tramites de ley ante el ente gubernamental aduanero, garantizando la fluidez en los procesos y el cumplimiento de todas las regulaciones de ley necesarias para un proceso de exportaci\u00f3n o importaci\u00f3n.<\/p>\n\t\t<\/div>\n\t\t\t<\/div>\n\n\t\n\n\t<div id=\"col-526008894\" class=\"col medium-6 small-12 large-6 small-col-first\"  >\n\t\t<div class=\"col-inner\"  >\n\t\t\t\n\t\t\t\n\t<div class=\"img has-hover customs-img x md-x lg-x y md-y lg-y\" id=\"image_262913599\">\n\t\t\t\t\t\t\t\t<div class=\"img-inner image-cover dark\" style=\"padding-top:450px;\">\n\t\t\t<img width=\"960\" height=\"540\" src=\"http:\/\/www.laexportcompany.com\/es\/wp-content\/uploads\/2020\/10\/LA-Export-Servicios-Aduanaje.jpg\" class=\"attachment-original size-original\" alt=\"LA-Export-Servicios-Aduanaje\" loading=\"lazy\" srcset=\"http:\/\/www.laexportcompany.com\/es\/wp-content\/uploads\/2020\/10\/LA-Export-Servicios-Aduanaje.jpg 960w, http:\/\/www.laexportcompany.com\/es\/wp-content\/uploads\/2020\/10\/LA-Export-Servicios-Aduanaje-300x169.jpg 300w, http:\/\/www.laexportcompany.com\/es\/wp-content\/uploads\/2020\/10\/LA-Export-Servicios-Aduanaje-768x432.jpg 768w\" sizes=\"(max-width: 960px) 100vw, 960px\" \/>\t\t\t\t\t\t\n\t\t\t\t\t<\/div>\n\t\t\t\t\t\t\t\t\n<style>\n#image_262913599 {\n  width: 100%;\n}\n<\/style>\n\t<\/div>\n\t\n\t\t<\/div>\n\t\t\t<\/div>\n\n\t\n<\/div>\n<span class=\"scroll-to\" data-label=\"Scroll to: #transporte\" data-bullet=\"false\" data-link=\"#transporte\" data-title=\"Change this\"><a name=\"transporte\"><\/a><\/span>\n\t\t<\/div>\n\t\t\t<\/div>\n\n\t\n\n<style>\n#row-144718250 > .col > .col-inner {\n  padding: 0px 0px 40px 0px;\n}\n<\/style>\n<\/div>\n<div class=\"row row-collapse align-center\"  id=\"row-13090622\">\n\n\t<div id=\"col-1684036175\" class=\"col small-12 large-12\"  >\n\t\t<div class=\"col-inner\"  >\n\t\t\t\n\t\t\t\n<div class=\"row\"  id=\"row-595391648\">\n\n\t<div id=\"col-1231320862\" class=\"col medium-6 small-12 large-6\"  >\n\t\t<div class=\"col-inner\"  >\n\t\t\t\n\t\t\t\n\t<div class=\"img has-hover x md-x lg-x y md-y lg-y\" id=\"image_1554355665\">\n\t\t\t\t\t\t\t\t<div class=\"img-inner image-cover dark\" style=\"padding-top:450px;\">\n\t\t\t<img width=\"960\" height=\"540\" src=\"http:\/\/www.laexportcompany.com\/es\/wp-content\/uploads\/2020\/10\/LA-Export-Servicios-Transporte.jpg\" class=\"attachment-original size-original\" alt=\"LA-Export-Servicios-Transporte\" loading=\"lazy\" srcset=\"http:\/\/www.laexportcompany.com\/es\/wp-content\/uploads\/2020\/10\/LA-Export-Servicios-Transporte.jpg 960w, http:\/\/www.laexportcompany.com\/es\/wp-content\/uploads\/2020\/10\/LA-Export-Servicios-Transporte-300x169.jpg 300w, http:\/\/www.laexportcompany.com\/es\/wp-content\/uploads\/2020\/10\/LA-Export-Servicios-Transporte-768x432.jpg 768w\" sizes=\"(max-width: 960px) 100vw, 960px\" \/>\t\t\t\t\t\t\n\t\t\t\t\t<\/div>\n\t\t\t\t\t\t\t\t\n<style>\n#image_1554355665 {\n  width: 100%;\n}\n<\/style>\n\t<\/div>\n\t\n\t\t<\/div>\n\t\t\t<\/div>\n\n\t\n\n\t<div id=\"col-355641309\" class=\"col medium-6 small-12 large-6\"  >\n\t\t<div class=\"col-inner\"  >\n\t\t\t\n\t\t\t\n<h2><strong>TRANSPORTE<\/strong><\/h2>\n<p>Dado el alcance del servicio que presta LA Export, uno de los factores predominantes con que cuenta y parte de su fortaleza, es la flota de transporte de carga pesada para cualquier tipo de material que los clientes deseen transportar hasta los puertos de almacenaje y embarque. Nuestra red de empresas transportistas nos permite cumplir fielmente con los tiempos acordados en contratos comerciales, cubriendo las necesidades de carga y transporte que implique el proceso de exportaci\u00f3n que sea contra\u00eddo.<\/p>\n<h3>Movilizaci\u00f3n de Cargas dentro del puerto<\/h3>\n<p>Nuestras alianzas estrat\u00e9gicas garantizan la ejecuci\u00f3n confiable de operaciones de movilizacion portuaria con un manejo en conformidad con las exigencias de los puertos, permitiendo una gesti\u00f3n absoluta y sin contratiempos a los efectos de movilidad, almacenaje y estiba dentro del puerto.<\/p>\n\t\t<\/div>\n\t\t\t<\/div>\n\n\t\n<\/div>\n\t\t<\/div>\n\t\t\t<\/div>\n\n\t\n\n<style>\n#row-13090622 > .col > .col-inner {\n  padding: 0px 0px 40px 0px;\n}\n<\/style>\n<\/div>\n\t\t<\/div>\n\n\t\t\n<style>\n#section_869866061 {\n  padding-top: 30px;\n  padding-bottom: 30px;\n}\n<\/style>\n\t<\/section>\n\t\n\t<section class=\"section home-s6 dark\" id=\"section_18421342\">\n\t\t<div class=\"bg section-bg fill bg-fill  bg-loaded\" >\n\n\t\t\t\n\t\t\t\n\t\t\t\n\n\t\t<\/div>\n\n\t\t<div class=\"section-content relative\">\n\t\t\t\n<div class=\"row align-middle align-center\"  id=\"row-478854166\">\n\n\t<div id=\"col-1703899660\" class=\"col small-12 large-12\"  >\n\t\t<div class=\"col-inner\"  >\n\t\t\t\n\t\t\t\n<div id=\"s-desktop\">\n<p style=\"text-align: center;\"><span style=\"font-size: 170%;\" data-text-color=\"secondary\"><strong>SOMOS EXPERTOS EN EXPORTACI\u00d3N<\/strong><\/span><\/p>\n<p style=\"text-align: center;\">Cruzamos fronteras con el apoyo de una amplia red de alianzas estrat\u00e9gicas alrededor del mundo.<\/p>\n<p style=\"text-align: center;\"><span data-text-color=\"secondary\"><i class=\"fa fa-envelope \" ><\/i><\/span>\u00a0 <a href=\"mailto:info@laexportcompany.com\">info@laexportcompany.com<\/a>\u00a0 \u00a0 <span data-text-color=\"secondary\"><i class=\"fa fa-phone \" ><\/i>\u00a0<\/span> <a href=\"tel:+14073601421\">+1 (407) 360-1421<\/a><\/p>\n<\/div>\n<div id=\"s-movil\">\n<p style=\"text-align: center;\"><span style=\"font-size: 170%;\" data-text-color=\"secondary\"><strong>SOMOS EXPERTOS EN EXPORTACI\u00d3N<\/strong><\/span><\/p>\n<p style=\"text-align: center;\">Cruzamos fronteras con el apoyo de una amplia red de alianzas estrat\u00e9gicas alrededor del mundo.<\/p>\n<p style=\"text-align: center;\"><span data-text-color=\"secondary\"><i class=\"fa fa-envelope \" ><\/i><\/span>\u00a0 <a href=\"mailto:info@laexportcompany.com\">info@laexportcompany.com<\/a><br \/>\n<span data-text-color=\"secondary\"><i class=\"fa fa-phone \" ><\/i>\u00a0<\/span> <a href=\"tel:+14073601421\">+1 (407) 360-1421<\/a><\/p>\n<\/div>\n\t\t<\/div>\n\t\t\t<\/div>\n\n\t\n<\/div>\n\t\t<\/div>\n\n\t\t\n<style>\n#section_18421342 {\n  padding-top: 30px;\n  padding-bottom: 30px;\n  background-color: #233153;\n}\n<\/style>\n\t<\/section>\n\t\n","protected":false},"excerpt":{"rendered":"","protected":false},"author":1,"featured_media":0,"parent":0,"menu_order":0,"comment_status":"closed","ping_status":"closed","template":"page-blank.php","meta":[],"yoast_head":"<!-- This site is optimized with the Yoast SEO plugin v15.2.1 - https:\/\/yoast.com\/wordpress\/plugins\/seo\/ -->\n<title>Nuestros Servicios - La Export Company<\/title>\n<meta name=\"robots\" content=\"index, follow, max-snippet:-1, max-image-preview:large, max-video-preview:-1\" \/>\n<link rel=\"canonical\" href=\"https:\/\/www.laexportcompany.com\/es\/nuestros-servicios\/\" \/>\n<meta property=\"og:locale\" content=\"es_ES\" \/>\n<meta property=\"og:type\" content=\"article\" \/>\n<meta property=\"og:title\" content=\"Nuestros Servicios - La Export Company\" \/>\n<meta property=\"og:url\" content=\"https:\/\/www.laexportcompany.com\/es\/nuestros-servicios\/\" \/>\n<meta property=\"og:site_name\" content=\"La Export Company\" \/>\n<meta property=\"article:modified_time\" content=\"2020-11-02T19:49:32+00:00\" \/>\n<meta name=\"twitter:card\" content=\"summary_large_image\" \/>\n<meta name=\"twitter:label1\" content=\"Escrito por\">\n\t<meta name=\"twitter:data1\" content=\"adminLA\">\n\t<meta name=\"twitter:label2\" content=\"Tiempo de lectura\">\n\t<meta name=\"twitter:data2\" content=\"3 minutos\">\n<script type=\"application\/ld+json\" class=\"yoast-schema-graph\">{\"@context\":\"https:\/\/schema.org\",\"@graph\":[{\"@type\":\"WebSite\",\"@id\":\"https:\/\/www.laexportcompany.com\/es\/#website\",\"url\":\"https:\/\/www.laexportcompany.com\/es\/\",\"name\":\"La Export Company\",\"description\":\"\",\"potentialAction\":[{\"@type\":\"SearchAction\",\"target\":\"https:\/\/www.laexportcompany.com\/es\/?s={search_term_string}\",\"query-input\":\"required name=search_term_string\"}],\"inLanguage\":\"es\"},{\"@type\":\"WebPage\",\"@id\":\"https:\/\/www.laexportcompany.com\/es\/nuestros-servicios\/#webpage\",\"url\":\"https:\/\/www.laexportcompany.com\/es\/nuestros-servicios\/\",\"name\":\"Nuestros Servicios - La Export Company\",\"isPartOf\":{\"@id\":\"https:\/\/www.laexportcompany.com\/es\/#website\"},\"datePublished\":\"2020-10-20T18:47:35+00:00\",\"dateModified\":\"2020-11-02T19:49:32+00:00\",\"inLanguage\":\"es\",\"potentialAction\":[{\"@type\":\"ReadAction\",\"target\":[\"https:\/\/www.laexportcompany.com\/es\/nuestros-servicios\/\"]}]}]}<\/script>\n<!-- \/ Yoast SEO plugin. -->","_links":{"self":[{"href":"http:\/\/www.laexportcompany.com\/es\/wp-json\/wp\/v2\/pages\/20"}],"collection":[{"href":"http:\/\/www.laexportcompany.com\/es\/wp-json\/wp\/v2\/pages"}],"about":[{"href":"http:\/\/www.laexportcompany.com\/es\/wp-json\/wp\/v2\/types\/page"}],"author":[{"embeddable":true,"href":"http:\/\/www.laexportcompany.com\/es\/wp-json\/wp\/v2\/users\/1"}],"replies":[{"embeddable":true,"href":"http:\/\/www.laexportcompany.com\/es\/wp-json\/wp\/v2\/comments?post=20"}],"version-history":[{"count":31,"href":"http:\/\/www.laexportcompany.com\/es\/wp-json\/wp\/v2\/pages\/20\/revisions"}],"predecessor-version":[{"id":373,"href":"http:\/\/www.laexportcompany.com\/es\/wp-json\/wp\/v2\/pages\/20\/revisions\/373"}],"wp:attachment":[{"href":"http:\/\/www.laexportcompany.com\/es\/wp-json\/wp\/v2\/media?parent=20"}],"curies":[{"name":"wp","href":"https:\/\/api.w.org\/{rel}","templated":true}]}}