{"id":30,"date":"2020-10-20T18:51:43","date_gmt":"2020-10-20T18:51:43","guid":{"rendered":"http:\/\/www.laexportcompany.com\/es\/?page_id=30"},"modified":"2020-11-02T18:32:04","modified_gmt":"2020-11-02T18:32:04","slug":"contacto","status":"publish","type":"page","link":"http:\/\/www.laexportcompany.com\/es\/contacto\/","title":{"rendered":"Contacto"},"content":{"rendered":"<div class=\"row row-collapse row-full-width align-middle align-center nosotros-slider\"  id=\"row-758013364\">\n\n\t<div id=\"col-1225623169\" class=\"col small-12 large-12\"  >\n\t\t<div class=\"col-inner\"  >\n\t\t\t\n\t\t\t\n\n  <div class=\"banner has-hover\" id=\"banner-621955079\">\n          <div class=\"banner-inner fill\">\n        <div class=\"banner-bg fill\" >\n            <div class=\"bg fill bg-fill \"><\/div>\n                        <div class=\"overlay\"><\/div>            \n                    <\/div>\n        <div class=\"banner-layers container\">\n            <div class=\"fill banner-link\"><\/div>            \n   <div id=\"text-box-152750621\" class=\"text-box banner-layer x50 md-x50 lg-x50 y85 md-y85 lg-y85 res-text\">\n                     <div data-animate=\"fadeInUp\">           <div class=\"text dark\">\n              \n              <div class=\"text-inner text-center\">\n                  \n<h2 class=\"uppercase\"><strong>CONT\u00c1CTENOS<\/strong><\/h2>\n              <\/div>\n           <\/div>\n       <\/div>                     \n<style>\n#text-box-152750621 {\n  width: 60%;\n}\n#text-box-152750621 .text {\n  font-size: 100%;\n}\n<\/style>\n    <\/div>\n \n        <\/div>\n      <\/div>\n\n            \n<style>\n#banner-621955079 {\n  padding-top: 325px;\n}\n#banner-621955079 .bg.bg-loaded {\n  background-image: url(http:\/\/www.laexportcompany.com\/es\/wp-content\/uploads\/2020\/10\/la-export-contact-us-header.jpg);\n}\n#banner-621955079 .overlay {\n  background-color: rgba(0, 0, 0, 0.3);\n}\n<\/style>\n  <\/div>\n\n\n\t\t<\/div>\n\t\t\t<\/div>\n\n\t\n<\/div>\n\t<section class=\"section nosotros-s2\" id=\"section_241038848\">\n\t\t<div class=\"bg section-bg fill bg-fill  bg-loaded\" >\n\n\t\t\t\n\t\t\t\n\t\t\t\n\n\t\t<\/div>\n\n\t\t<div class=\"section-content relative\">\n\t\t\t\n<div class=\"row row-collapse align-center\"  id=\"row-1401549409\">\n<\/div>\n<div class=\"row row-collapse align-center\"  id=\"row-2018957056\">\n\n\t<div id=\"col-2093789500\" class=\"col medium-9 small-12 large-9\"  >\n\t\t<div class=\"col-inner text-center\"  >\n\t\t\t\n\t\t\t\n<h3 style=\"text-align: center!important; font-weight: 300 !important;\">Estamos aqu\u00ed para apoyar tu operaci\u00f3n de exportaci\u00f3n y comercio exterior. Para m\u00e1s informacion, completa el formulario y uno de nuestros expertos se pondr\u00e1 en contacto.<\/h3>\n\t\t<\/div>\n\t\t\t<\/div>\n\n\t\n\n\t<div id=\"col-55852647\" class=\"col medium-7 small-12 large-7\"  >\n\t\t<div class=\"col-inner\"  >\n\t\t\t\n\t\t\t\n<div role=\"form\" class=\"wpcf7\" id=\"wpcf7-f5-o1\" lang=\"en-US\" dir=\"ltr\">\n<div class=\"screen-reader-response\"><p role=\"status\" aria-live=\"polite\" aria-atomic=\"true\"><\/p> <ul><\/ul><\/div>\n<form action=\"\/es\/wp-json\/wp\/v2\/pages\/30#wpcf7-f5-o1\" method=\"post\" class=\"wpcf7-form init\" novalidate=\"novalidate\" data-status=\"init\">\n<div style=\"display: none;\">\n<input type=\"hidden\" name=\"_wpcf7\" value=\"5\" \/>\n<input type=\"hidden\" name=\"_wpcf7_version\" value=\"5.5.6\" \/>\n<input type=\"hidden\" name=\"_wpcf7_locale\" value=\"en_US\" \/>\n<input type=\"hidden\" name=\"_wpcf7_unit_tag\" value=\"wpcf7-f5-o1\" \/>\n<input type=\"hidden\" name=\"_wpcf7_container_post\" value=\"0\" \/>\n<input type=\"hidden\" name=\"_wpcf7_posted_data_hash\" value=\"\" \/>\n<input type=\"hidden\" name=\"_wpcf7_recaptcha_response\" value=\"\" \/>\n<\/div>\n<p><span class=\"wpcf7-form-control-wrap tu-nombre\"><input type=\"text\" name=\"tu-nombre\" value=\"\" size=\"40\" class=\"wpcf7-form-control wpcf7-text wpcf7-validates-as-required\" aria-required=\"true\" aria-invalid=\"false\" placeholder=\"Nombre *\" \/><\/span><br \/>\n<span class=\"wpcf7-form-control-wrap tu-apellido\"><input type=\"text\" name=\"tu-apellido\" value=\"\" size=\"40\" class=\"wpcf7-form-control wpcf7-text wpcf7-validates-as-required\" aria-required=\"true\" aria-invalid=\"false\" placeholder=\"Apellido *\" \/><\/span><br \/>\n<span class=\"wpcf7-form-control-wrap tu-correo\"><input type=\"email\" name=\"tu-correo\" value=\"\" size=\"40\" class=\"wpcf7-form-control wpcf7-text wpcf7-email wpcf7-validates-as-required wpcf7-validates-as-email\" aria-required=\"true\" aria-invalid=\"false\" placeholder=\"Email *\" \/><\/span><br \/>\n<span class=\"wpcf7-form-control-wrap tu-telefono\"><input type=\"text\" name=\"tu-telefono\" value=\"\" size=\"40\" class=\"wpcf7-form-control wpcf7-text\" aria-invalid=\"false\" placeholder=\"Tel\u00e9fono\" \/><\/span><br \/>\n<span class=\"wpcf7-form-control-wrap tu-empresa\"><input type=\"text\" name=\"tu-empresa\" value=\"\" size=\"40\" class=\"wpcf7-form-control wpcf7-text\" aria-invalid=\"false\" placeholder=\"Empresa\" \/><\/span><br \/>\n<span class=\"wpcf7-form-control-wrap tu-mensaje\"><textarea name=\"tu-mensaje\" cols=\"40\" rows=\"10\" class=\"wpcf7-form-control wpcf7-textarea\" aria-invalid=\"false\" placeholder=\"Mensaje\"><\/textarea><\/span><\/p>\n<p><input type=\"submit\" value=\"Enviar\" class=\"wpcf7-form-control has-spinner wpcf7-submit\" \/><\/p>\n<div class=\"wpcf7-response-output\" aria-hidden=\"true\"><\/div><\/form><\/div>\n\t\t<\/div>\n\t\t\t<\/div>\n\n\t\n<\/div>\n\t\t<\/div>\n\n\t\t\n<style>\n#section_241038848 {\n  padding-top: 30px;\n  padding-bottom: 30px;\n}\n<\/style>\n\t<\/section>\n\t\n\t<section class=\"section home-s6 dark\" id=\"section_776398654\">\n\t\t<div class=\"bg section-bg fill bg-fill  bg-loaded\" >\n\n\t\t\t\n\t\t\t\n\t\t\t\n\n\t\t<\/div>\n\n\t\t<div class=\"section-content relative\">\n\t\t\t\n<div class=\"row align-middle align-center\"  id=\"row-1710316968\">\n\n\t<div id=\"col-1588278186\" class=\"col small-12 large-12\"  >\n\t\t<div class=\"col-inner\"  >\n\t\t\t\n\t\t\t\n<div id=\"s-desktop\">\n<p style=\"text-align: center;\"><span style=\"font-size: 170%;\" data-text-color=\"secondary\"><strong>SOMOS EXPERTOS EN EXPORTACI\u00d3N<\/strong><\/span><\/p>\n<p style=\"text-align: center;\">Cruzamos fronteras con el apoyo de una amplia red de alianzas estrat\u00e9gicas alrededor del mundo.<\/p>\n<p style=\"text-align: center;\"><span data-text-color=\"secondary\"><i class=\"fa fa-envelope \" ><\/i><\/span>\u00a0 <a href=\"mailto:info@laexportcompany.com\">info@laexportcompany.com<\/a>\u00a0 \u00a0 <span data-text-color=\"secondary\"><i class=\"fa fa-phone \" ><\/i>\u00a0<\/span> <a href=\"tel:+14073601421\">+1 (407) 360-1421<\/a><\/p>\n<\/div>\n<div id=\"s-movil\">\n<p style=\"text-align: center;\"><span style=\"font-size: 170%;\" data-text-color=\"secondary\"><strong>SOMOS EXPERTOS EN EXPORTACI\u00d3N<\/strong><\/span><\/p>\n<p style=\"text-align: center;\">Cruzamos fronteras con el apoyo de una amplia red de alianzas estrat\u00e9gicas alrededor del mundo.<\/p>\n<p style=\"text-align: center;\"><span data-text-color=\"secondary\"><i class=\"fa fa-envelope \" ><\/i><\/span>\u00a0 <a href=\"mailto:info@laexportcompany.com\">info@laexportcompany.com<\/a><br \/>\n<span data-text-color=\"secondary\"><i class=\"fa fa-phone \" ><\/i>\u00a0<\/span> <a href=\"tel:+14073601421\">+1 (407) 360-1421<\/a><\/p>\n<\/div>\n\t\t<\/div>\n\t\t\t<\/div>\n\n\t\n<\/div>\n\t\t<\/div>\n\n\t\t\n<style>\n#section_776398654 {\n  padding-top: 30px;\n  padding-bottom: 30px;\n  background-color: #233153;\n}\n<\/style>\n\t<\/section>\n\t\n","protected":false},"excerpt":{"rendered":"","protected":false},"author":1,"featured_media":0,"parent":0,"menu_order":0,"comment_status":"closed","ping_status":"closed","template":"page-blank.php","meta":[],"yoast_head":"<!-- This site is optimized with the Yoast SEO plugin v15.2.1 - https:\/\/yoast.com\/wordpress\/plugins\/seo\/ -->\n<title>Contacto - La Export Company<\/title>\n<meta name=\"robots\" content=\"index, follow, max-snippet:-1, max-image-preview:large, max-video-preview:-1\" \/>\n<link rel=\"canonical\" href=\"https:\/\/www.laexportcompany.com\/es\/contacto\/\" \/>\n<meta property=\"og:locale\" content=\"es_ES\" \/>\n<meta property=\"og:type\" content=\"article\" \/>\n<meta property=\"og:title\" content=\"Contacto - La Export Company\" \/>\n<meta property=\"og:url\" content=\"https:\/\/www.laexportcompany.com\/es\/contacto\/\" \/>\n<meta property=\"og:site_name\" content=\"La Export Company\" \/>\n<meta property=\"article:modified_time\" content=\"2020-11-02T18:32:04+00:00\" \/>\n<meta name=\"twitter:card\" content=\"summary_large_image\" \/>\n<meta name=\"twitter:label1\" content=\"Escrito por\">\n\t<meta name=\"twitter:data1\" content=\"adminLA\">\n\t<meta name=\"twitter:label2\" content=\"Tiempo de lectura\">\n\t<meta name=\"twitter:data2\" content=\"1 minuto\">\n<script type=\"application\/ld+json\" class=\"yoast-schema-graph\">{\"@context\":\"https:\/\/schema.org\",\"@graph\":[{\"@type\":\"WebSite\",\"@id\":\"https:\/\/www.laexportcompany.com\/es\/#website\",\"url\":\"https:\/\/www.laexportcompany.com\/es\/\",\"name\":\"La Export Company\",\"description\":\"\",\"potentialAction\":[{\"@type\":\"SearchAction\",\"target\":\"https:\/\/www.laexportcompany.com\/es\/?s={search_term_string}\",\"query-input\":\"required name=search_term_string\"}],\"inLanguage\":\"es\"},{\"@type\":\"WebPage\",\"@id\":\"https:\/\/www.laexportcompany.com\/es\/contacto\/#webpage\",\"url\":\"https:\/\/www.laexportcompany.com\/es\/contacto\/\",\"name\":\"Contacto - La Export Company\",\"isPartOf\":{\"@id\":\"https:\/\/www.laexportcompany.com\/es\/#website\"},\"datePublished\":\"2020-10-20T18:51:43+00:00\",\"dateModified\":\"2020-11-02T18:32:04+00:00\",\"inLanguage\":\"es\",\"potentialAction\":[{\"@type\":\"ReadAction\",\"target\":[\"https:\/\/www.laexportcompany.com\/es\/contacto\/\"]}]}]}<\/script>\n<!-- \/ Yoast SEO plugin. -->","_links":{"self":[{"href":"http:\/\/www.laexportcompany.com\/es\/wp-json\/wp\/v2\/pages\/30"}],"collection":[{"href":"http:\/\/www.laexportcompany.com\/es\/wp-json\/wp\/v2\/pages"}],"about":[{"href":"http:\/\/www.laexportcompany.com\/es\/wp-json\/wp\/v2\/types\/page"}],"author":[{"embeddable":true,"href":"http:\/\/www.laexportcompany.com\/es\/wp-json\/wp\/v2\/users\/1"}],"replies":[{"embeddable":true,"href":"http:\/\/www.laexportcompany.com\/es\/wp-json\/wp\/v2\/comments?post=30"}],"version-history":[{"count":17,"href":"http:\/\/www.laexportcompany.com\/es\/wp-json\/wp\/v2\/pages\/30\/revisions"}],"predecessor-version":[{"id":371,"href":"http:\/\/www.laexportcompany.com\/es\/wp-json\/wp\/v2\/pages\/30\/revisions\/371"}],"wp:attachment":[{"href":"http:\/\/www.laexportcompany.com\/es\/wp-json\/wp\/v2\/media?parent=30"}],"curies":[{"name":"wp","href":"https:\/\/api.w.org\/{rel}","templated":true}]}}