{"id":8,"date":"2020-10-20T18:32:55","date_gmt":"2020-10-20T18:32:55","guid":{"rendered":"http:\/\/www.laexportcompany.com\/es\/?page_id=8"},"modified":"2020-11-03T21:54:28","modified_gmt":"2020-11-03T21:54:28","slug":"sobre-nosotros","status":"publish","type":"page","link":"http:\/\/www.laexportcompany.com\/es\/sobre-nosotros\/","title":{"rendered":"Sobre Nosotros"},"content":{"rendered":"<div class=\"row row-collapse row-full-width align-middle align-center nosotros-slider\"  id=\"row-818352609\">\n\n\t<div id=\"col-1540940402\" class=\"col small-12 large-12\"  >\n\t\t<div class=\"col-inner\"  >\n\t\t\t\n\t\t\t\n\n  <div class=\"banner has-hover\" id=\"banner-219113186\">\n          <div class=\"banner-inner fill\">\n        <div class=\"banner-bg fill\" >\n            <div class=\"bg fill bg-fill \"><\/div>\n                        <div class=\"overlay\"><\/div>            \n                    <\/div>\n        <div class=\"banner-layers container\">\n            <div class=\"fill banner-link\"><\/div>            \n   <div id=\"text-box-979526259\" class=\"text-box banner-layer x50 md-x50 lg-x50 y85 md-y85 lg-y85 res-text\">\n                     <div data-animate=\"fadeInUp\">           <div class=\"text dark\">\n              \n              <div class=\"text-inner text-center\">\n                  \n<h2 class=\"uppercase\"><strong>SOBRE NOSOTROS<\/strong><\/h2>\n              <\/div>\n           <\/div>\n       <\/div>                     \n<style>\n#text-box-979526259 {\n  width: 60%;\n}\n#text-box-979526259 .text {\n  font-size: 100%;\n}\n<\/style>\n    <\/div>\n \n        <\/div>\n      <\/div>\n\n            \n<style>\n#banner-219113186 {\n  padding-top: 325px;\n}\n#banner-219113186 .bg.bg-loaded {\n  background-image: url(http:\/\/www.laexportcompany.com\/es\/wp-content\/uploads\/2020\/10\/la-export-about-us-header-2-1.jpg);\n}\n#banner-219113186 .overlay {\n  background-color: rgba(0, 0, 0, 0.17);\n}\n<\/style>\n  <\/div>\n\n\n\t\t<\/div>\n\t\t\t<\/div>\n\n\t\n<\/div>\n\t<section class=\"section nosotros-s2\" id=\"section_196039231\">\n\t\t<div class=\"bg section-bg fill bg-fill  bg-loaded\" >\n\n\t\t\t\n\t\t\t\n\t\t\t\n\n\t\t<\/div>\n\n\t\t<div class=\"section-content relative\">\n\t\t\t\n<div class=\"row row-collapse align-center\"  id=\"row-1075642964\">\n\n\t<div id=\"col-1082244497\" class=\"col medium-9 small-12 large-9\"  >\n\t\t<div class=\"col-inner text-center\"  >\n\t\t\t\n\t\t\t\n<p style=\"text-align: center!important;\">Somos expertos en exportaci\u00f3n y contamos con una gama de productos para las industrias chocolateras, vidrio, refiner\u00edas, petroleras, madereras, maquinarias y equipos entre otras. En los \u00faltimos a\u00f1os, nuestro enfoque principal se ha concentrado en la exportaci\u00f3n de desechos de metales ferrosos, los cuales son utilizados en la fundici\u00f3n del acero; tales como la chatarra de veh\u00edculos, electrodom\u00e9sticos, vigas de acero, buques, motores entre otros; as\u00ed tambi\u00e9n como los desechos de metales no ferrosos, aluminio, cobre, zinc, bronce.<\/p>\n<p style=\"text-align: center!important;\">Adicionalmente, LA Export ofrece soluciones integrales para la comercializaci\u00f3n internacional de productos de diversos rubros mediante servicios profesionales de exportaci\u00f3n. Apoyamos a productores y comerciantes nacionales a introducir productos en mercados de pa\u00edses extranjeros. Gestionamos todo el proceso de exportaci\u00f3n, desde la ubicaci\u00f3n del material, acopio carga y la gesti\u00f3n de la documentaci\u00f3n legal. Con cobertura a nivel nacional, LA Export dispone de las instalaciones adecuadas para la recepci\u00f3n, almacenaje y exportaci\u00f3n de productos procedentes de diferentes partes del pa\u00eds.<\/p>\n<p style=\"text-align: center!important;\"><span data-text-color=\"primary\"><strong>Nos convertimos en el nexo aliado entre la empresa exportadora y su mercado internacional, aportando valor durante todo su proceso.<\/strong><\/span><\/p>\n\t\t<\/div>\n\t\t\t<\/div>\n\n\t\n<\/div>\n<div class=\"row row-collapse align-center\"  id=\"row-1497472442\">\n\n\t<div id=\"col-1615512828\" class=\"col medium-9 small-12 large-9\"  >\n\t\t<div class=\"col-inner\"  >\n\t\t\t\n\t\t\t\n<div class=\"row row-large\"  id=\"row-61972130\">\n\n\t<div id=\"col-183574127\" class=\"col medium-6 small-12 large-6\"  >\n\t\t<div class=\"col-inner\"  >\n\t\t\t\n\t\t\t\n\t<div class=\"box has-hover   has-hover box-text-bottom\" >\n\n\t\t<div class=\"box-image\" >\n\t\t\t\t\t\t<div class=\"\" >\n\t\t\t\t<img width=\"500\" height=\"500\" src=\"http:\/\/www.laexportcompany.com\/es\/wp-content\/uploads\/2020\/10\/la-export-about-us-experiencia.jpg\" class=\"attachment- size-\" alt=\"la-export-about-us-experiencia\" loading=\"lazy\" srcset=\"http:\/\/www.laexportcompany.com\/es\/wp-content\/uploads\/2020\/10\/la-export-about-us-experiencia.jpg 500w, http:\/\/www.laexportcompany.com\/es\/wp-content\/uploads\/2020\/10\/la-export-about-us-experiencia-300x300.jpg 300w, http:\/\/www.laexportcompany.com\/es\/wp-content\/uploads\/2020\/10\/la-export-about-us-experiencia-150x150.jpg 150w\" sizes=\"(max-width: 500px) 100vw, 500px\" \/>\t\t\t\t\t\t\t\t\t\t\t<\/div>\n\t\t\t\t\t<\/div>\n\n\t\t<div class=\"box-text text-center\" >\n\t\t\t<div class=\"box-text-inner\">\n\t\t\t\t\n<h3 style=\"text-align: center;\"><strong>EXPERIENCIA<\/strong><\/h3>\n<p style=\"text-align: center!important;\">Nuestra gran trayectoria nos ha ayudado a desarrollar una larga experiencia en la exportaci\u00f3n de materia prima y productos. Estamos preparados para agilizar tr\u00e1mites comerciales internacionales.<\/p>\n\t\t\t<\/div>\n\t\t<\/div>\n\t<\/div>\n\t\n\t\t<\/div>\n\t\t\t<\/div>\n\n\t\n\n\t<div id=\"col-1591248159\" class=\"col medium-6 small-12 large-6\"  >\n\t\t<div class=\"col-inner\"  >\n\t\t\t\n\t\t\t\n\t<div class=\"box has-hover   has-hover box-text-bottom\" >\n\n\t\t<div class=\"box-image\" >\n\t\t\t\t\t\t<div class=\"\" >\n\t\t\t\t<img width=\"500\" height=\"500\" src=\"http:\/\/www.laexportcompany.com\/es\/wp-content\/uploads\/2020\/10\/la-export-about-us-cobertura.jpg\" class=\"attachment- size-\" alt=\"\" loading=\"lazy\" srcset=\"http:\/\/www.laexportcompany.com\/es\/wp-content\/uploads\/2020\/10\/la-export-about-us-cobertura.jpg 500w, http:\/\/www.laexportcompany.com\/es\/wp-content\/uploads\/2020\/10\/la-export-about-us-cobertura-300x300.jpg 300w, http:\/\/www.laexportcompany.com\/es\/wp-content\/uploads\/2020\/10\/la-export-about-us-cobertura-150x150.jpg 150w\" sizes=\"(max-width: 500px) 100vw, 500px\" \/>\t\t\t\t\t\t\t\t\t\t\t<\/div>\n\t\t\t\t\t<\/div>\n\n\t\t<div class=\"box-text text-center\" >\n\t\t\t<div class=\"box-text-inner\">\n\t\t\t\t\n<h3 style=\"text-align: center;\"><strong>COBERTURA<\/strong><\/h3>\n<p style=\"text-align: center!important;\">Estamos orgullosos del capital humano que hace posible nuestra operaci\u00f3n diaria. Contamos con un equipo diverso y experimentado en cada faceta necesaria para la exportaci\u00f3n. Cruzamos fronteras con el apoyo de una amplia red de alianzas estrat\u00e9gicas alrededor del mundo.<\/p>\n\t\t\t<\/div>\n\t\t<\/div>\n\t<\/div>\n\t\n\t\t<\/div>\n\t\t\t<\/div>\n\n\t\n<\/div>\n\t\t<\/div>\n\t\t\t<\/div>\n\n\t\n<\/div>\n\t\t<\/div>\n\n\t\t\n<style>\n#section_196039231 {\n  padding-top: 30px;\n  padding-bottom: 30px;\n}\n<\/style>\n\t<\/section>\n\t\n\t<section class=\"section nosotros-s3\" id=\"section_1611816789\">\n\t\t<div class=\"bg section-bg fill bg-fill  bg-loaded\" >\n\n\t\t\t\n\t\t\t\n\t\t\t\n\n\t\t<\/div>\n\n\t\t<div class=\"section-content relative\">\n\t\t\t\n<div class=\"row row-collapse row-full-width align-middle align-center\"  id=\"row-911080613\">\n\n\t<div id=\"col-2124488015\" class=\"col small-12 large-12\"  >\n\t\t<div class=\"col-inner\"  >\n\t\t\t\n\t\t\t\n<h2 style=\"text-align: center;\"><strong>NUESTROS VALORES<\/strong><\/h2>\n\t\t<\/div>\n\t\t\n<style>\n#col-2124488015 > .col-inner {\n  padding: 0px 0px 0 0px;\n}\n<\/style>\n\t<\/div>\n\n\t\n<\/div>\n<div class=\"row row-collapse row-full-width align-middle align-center\"  id=\"row-1736830585\">\n\n\t<div id=\"col-91556211\" class=\"col small-12 large-12\"  >\n\t\t<div class=\"col-inner\"  >\n\t\t\t\n\t\t\t\n<div class=\"wp3dcarousellightbox_options\" data-skinsfoldername=\"\"  data-jsfolder=\"http:\/\/www.laexportcompany.com\/es\/wp-content\/plugins\/wonderplugin-3dcarousel-trial\/engine\/\" style=\"display:none;\"><\/div>\r\n<div class=\"wonderplugin3dcarousel-container\" id=\"wonderplugin3dcarousel-container-3\" style=\"display:block;position:relative;margin:0 auto;padding:0;\"><div class=\"wonderplugin3dcarousel\" id=\"wonderplugin3dcarousel-3\" data-carouselid=\"3\" data-width=\"600\" data-height=\"400\" data-skin=\"threedslider\" data-donotzoomin=\"true\" data-addimgoverlay=\"false\" data-applylinktohoveroverlay=\"false\" data-showtitle=\"true\" data-showdescription=\"false\" data-showbutton=\"false\" data-arrowsinsidelist=\"true\" data-showplayvideo=\"true\" data-showimgtitle=\"false\" data-addwoocommerceclass=\"true\" data-usedatatitle=\"true\" data-autoslide=\"true\" data-pauseonmouseover=\"false\" data-onlyenablelightboxoncenter=\"false\" data-loop=\"true\" data-loopslide=\"true\" data-random=\"false\" data-onlyenableweblinkoncenter=\"false\" data-donotinit=\"false\" data-addinitscript=\"false\" data-doshortcodeontext=\"false\" data-triggerresize=\"false\" data-removeinlinecss=\"true\" data-lightboxresponsive=\"true\" data-lightboxshownavigation=\"true\" data-lightboxnogroup=\"false\" data-lightboxshowtitle=\"true\" data-lightboxshowdescription=\"false\" data-lightboxshownavcontrol=\"true\" data-lightboxhidenavdefault=\"false\" data-lightboximagekeepratio=\"true\" data-lightboxshowsocial=\"false\" data-lightboxshowfacebook=\"true\" data-lightboxshowtwitter=\"true\" data-lightboxshowpinterest=\"true\" data-lightboxsocialrotateeffect=\"true\" data-lightboxfullscreenmode=\"false\" data-lightboxcloseonoverlay=\"true\" data-lightboxvideohidecontrols=\"false\" data-lightboxautoslide=\"false\" data-lightboxshowtimer=\"true\" data-lightboxshowplaybutton=\"true\" data-lightboxalwaysshownavarrows=\"false\" data-lightboxshowtitleprefix=\"true\" data-template=\"3dslider\" data-scalemode=\"fill\" data-imghovereffect=\"fade\" data-itembgcolor=\"transparent\" data-itemborder=\"0\" data-carouselmargin=\"0px 0 48px 0\" data-medium_carouselmargin=\"48px 0\" data-small_carouselmargin=\"32px 0\" data-textstyle=\"always\" data-texteffect=\"fade\" data-arrowstyle=\"mouseover\" data-arrowpos=\"side\" data-arrowimage=\"arrows-48-48-1.png\" data-arrowwidth=\"48\" data-arrowheight=\"48\" data-arrowanimation=\"slide\" data-navstyle=\"none\" data-navimage=\"bullet-16-16-0.png\" data-navwidth=\"16\" data-navheight=\"16\" data-navspacing=\"8\" data-playvideoimage=\"playvideo-64-64-0.png\" data-playvideoposition=\"center center\" data-imgtitle=\"title\" data-autoslidedir=\"right\" data-slideinterval=\"5000\" data-firstitem=\"0\" data-visibleitems=\"4\" data-perspective=\"2000\" data-xdis=\"300\" data-zdis=\"300\" data-yrotate=\"45\" data-transition=\"all 0.5s ease-in-out\" data-medium_screenwidth=\"768\" data-medium_width=\"400\" data-medium_height=\"300\" data-medium_visibleitems=\"3\" data-medium_perspective=\"2000\" data-medium_xdis=\"300\" data-medium_zdis=\"300\" data-medium_yrotate=\"45\" data-medium_transition=\"all 0.5s ease-in-out\" data-small_screenwidth=\"414\" data-small_width=\"300\" data-small_height=\"200\" data-small_visibleitems=\"1\" data-small_perspective=\"2000\" data-small_xdis=\"300\" data-small_zdis=\"300\" data-small_yrotate=\"45\" data-small_transition=\"all 0.5s ease-in-out\" data-facemode=\"circle\" data-itemspace=\"8\" data-rotatex=\"-8\" data-scaleratio=\"1.2\" data-triggerresizedelay=\"100\" data-lightboxthumbwidth=\"90\" data-lightboxthumbheight=\"60\" data-lightboxthumbtopmargin=\"12\" data-lightboxthumbbottommargin=\"4\" data-lightboxbarheight=\"64\" data-lightboxtitlebottomcss=\"{color:#333; font-size:14px; font-family:Armata,sans-serif,Arial; overflow:hidden; text-align:left;}\" data-lightboxdescriptionbottomcss=\"{color:#333; font-size:12px; font-family:Arial,Helvetica,sans-serif; overflow:hidden; text-align:left; margin:4px 0px 0px; padding: 0px;}\" data-lightboxnavbgcolor=\"rgba(0,0,0,0.2)\" data-lightboxtitlestyle=\"bottom\" data-lightboximagepercentage=\"75\" data-lightboxdefaultvideovolume=\"1\" data-lightboxoverlaybgcolor=\"#000\" data-lightboxoverlayopacity=\"0.9\" data-lightboxbgcolor=\"#fff\" data-lightboxtitleprefix=\"%NUM \/ %TOTAL\" data-lightboxtitleinsidecss=\"color:#fff; font-size:16px; font-family:Arial,Helvetica,sans-serif; overflow:hidden; text-align:left;\" data-lightboxdescriptioninsidecss=\"color:#fff; font-size:12px; font-family:Arial,Helvetica,sans-serif; overflow:hidden; text-align:left; margin:4px 0px 0px; padding: 0px;\" data-lightboxsocialposition=\"position:absolute;top:100%;right:0;\" data-lightboxsocialpositionsmallscreen=\"position:absolute;top:100%;right:0;left:0;\" data-lightboxsocialdirection=\"horizontal\" data-lightboxsocialbuttonsize=\"32\" data-lightboxsocialbuttonfontsize=\"18\" data-lightboxslideinterval=\"5000\" data-lightboxtimerposition=\"bottom\" data-lightboxtimercolor=\"#dc572e\" data-lightboxtimeropacity=\"1\" data-lightboxbordersize=\"8\" data-lightboxborderradius=\"0\" data-jsfolder=\"http:\/\/www.laexportcompany.com\/es\/wp-content\/plugins\/wonderplugin-3dcarousel-trial\/engine\/\" style=\"display:none;position:relative;margin:0 auto;width:100%;max-width:100%;\" ><div class=\"wonderplugin3dcarousel-list-container\"><ul class=\"wonderplugin3dcarousel-list\"><li class=\"wonderplugin3dcarousel-item lightboxcontainer\"><div class=\"wonderplugin3dcarousel-item-extrainfo lightboxextrainfo\"><div class=\"wonderplugin3dcarousel-item-text-title lightboxtitle\">Apoyamos el desarrollo de nuestro capital humano<\/div><\/div><div class=\"wonderplugin3dcarousel-item-container\"><div class=\"wonderplugin3dcarousel-content\">\n\t<div class=\"wonderplugin3dcarousel-image\"><div class=\"wonderplugin3dcarousel-img-container\"><img class=\"wonderplugin3dcarousel-img\" src=\"http:\/\/www.laexportcompany.com\/es\/wp-content\/uploads\/2020\/10\/La-Export-Sobre-Nosotros-capital_humano.jpg\" alt=\"La-Export-Sobre-Nosotros-capital_humano\" \/><\/div><\/div>\n<\/div><\/div><\/li><li class=\"wonderplugin3dcarousel-item lightboxcontainer\"><div class=\"wonderplugin3dcarousel-item-extrainfo lightboxextrainfo\"><div class=\"wonderplugin3dcarousel-item-text-title lightboxtitle\">Operamos con transparencia e integridad<\/div><\/div><div class=\"wonderplugin3dcarousel-item-container\"><div class=\"wonderplugin3dcarousel-content\">\n\t<div class=\"wonderplugin3dcarousel-image\"><div class=\"wonderplugin3dcarousel-img-container\"><img class=\"wonderplugin3dcarousel-img\" src=\"http:\/\/www.laexportcompany.com\/es\/wp-content\/uploads\/2020\/10\/LA-Export-Sobre-Nosotros-Transparencia-Integridad.jpg\" alt=\"LA-Export-Sobre-Nosotros-Transparencia-Integridad\" \/><\/div><\/div>\n<\/div><\/div><\/li><li class=\"wonderplugin3dcarousel-item lightboxcontainer\"><div class=\"wonderplugin3dcarousel-item-extrainfo lightboxextrainfo\"><div class=\"wonderplugin3dcarousel-item-text-title lightboxtitle\">Fomentamos el desarrollo de nuestro pa\u00eds<\/div><\/div><div class=\"wonderplugin3dcarousel-item-container\"><div class=\"wonderplugin3dcarousel-content\">\n\t<div class=\"wonderplugin3dcarousel-image\"><div class=\"wonderplugin3dcarousel-img-container\"><img class=\"wonderplugin3dcarousel-img\" src=\"http:\/\/www.laexportcompany.com\/es\/wp-content\/uploads\/2020\/10\/La-Export-Sobre-Nosotros-desarrollo_pais.jpg\" alt=\"La-Export-Sobre-Nosotros-desarrollo_pa\u00eds\" \/><\/div><\/div>\n<\/div><\/div><\/li><li class=\"wonderplugin3dcarousel-item lightboxcontainer\"><div class=\"wonderplugin3dcarousel-item-extrainfo lightboxextrainfo\"><div class=\"wonderplugin3dcarousel-item-text-title lightboxtitle\">Sembramos e impulsamos una conciencia social<\/div><\/div><div class=\"wonderplugin3dcarousel-item-container\"><div class=\"wonderplugin3dcarousel-content\">\n\t<div class=\"wonderplugin3dcarousel-image\"><div class=\"wonderplugin3dcarousel-img-container\"><img class=\"wonderplugin3dcarousel-img\" src=\"http:\/\/www.laexportcompany.com\/es\/wp-content\/uploads\/2020\/10\/La-Export-Sobre-Nosotros-conciencia_social.jpg\" alt=\"La-Export-Sobre-Nosotros-conciencia_social\" \/><\/div><\/div>\n<\/div><\/div><\/li><\/ul><\/div><div class=\"wonderplugin-3dcarousel-engine\"><a href=\"https:\/\/www.wonderplugin.com\/wordpress-3dcarousel\/\" title=\"WordPress 3D Carousel Plugin\">WordPress 3D Carousel Plugin<\/a><\/div><\/div><\/div><script>function wp3dcarousel_3_appendcss(csscode) {var head=document.head || document.getElementsByTagName(\"head\")[0];var style=document.createElement(\"style\");head.appendChild(style);style.type=\"text\/css\";if (style.styleSheet){style.styleSheet.cssText=csscode;} else {style.appendChild(document.createTextNode(csscode));}};wp3dcarousel_3_appendcss(\"@import url(https:\/\/fonts.googleapis.com\/css?family=Open+Sans);  #wonderplugin3dcarousel-3 .wonderplugin3dcarousel-hoveroverlay-title { \ttext-align: center;  \tfont-size: 16px; \tmargin: 0 auto; \tpadding: 8px; }  #wonderplugin3dcarousel-3 .wonderplugin3dcarousel-hoveroverlay-description { \ttext-align: center; \tfont-size: 12px; \tmargin: 0 auto; \tpadding: 8px; }  #wonderplugin3dcarousel-3 .wonderplugin3dcarousel-hoveroverlay-button { \ttext-align: center; }  #wonderplugin3dcarousel-3 .wonderplugin3dcarousel-content-title { \ttext-align: center;  \tfont-size: 16px; \tmargin: 8px auto; \tpadding: 0; }  #wonderplugin3dcarousel-3 .wonderplugin3dcarousel-content-description { \ttext-align: center; \tfont-size: 12px; \tmargin: 8px auto; \tpadding: 0; }  #wonderplugin3dcarousel-3 .wonderplugin3dcarousel-title { \ttext-align: center;  \tfont-size: 16px; \tmargin: 0 auto; \tpadding: 8px; }  #wonderplugin3dcarousel-3 .wonderplugin3dcarousel-description { \ttext-align: center; \tfont-size: 12px; \tmargin: 0 auto; \tpadding: 8px; }  #wonderplugin3dcarousel-3 .wonderplugin3dcarousel-button { \ttext-align: center; \tmargin: 0 auto; }  #wonderplugin3dcarousel-3 .wonderplugin3dcarousel-content { \tposition: relative; \tdisplay: block; }  #wonderplugin3dcarousel-3 .wonderplugin3dcarousel-hoveroverlay { \tposition: absolute; \tdisplay: block; \ttop: 0; \tleft: 0; \twidth: 100%; \theight: 100%; \tmargin: 0; \tpadding: 8px; \tbox-sizing: border-box; \tbackground-color: #f8f8f8; }  #wonderplugin3dcarousel-3 .wonderplugin3dcarousel-hoveroverlay-text { \tdisplay: block; \tposition: absolute; \twidth:100%; \ttop: 50%; \tleft:0; \ttransform: translateY(-50%); \t-webkit-transform: translateY(-50%); \tbackface-visibility: hidden; \t-webkit-backface-visibility: hidden; }  #wonderplugin3dcarousel-3 .wonderplugin3dcarousel-img-overlay { \tdisplay: block; \tposition: absolute; \ttop: 0; \tleft: 0; \twidth: 100%; \theight: 100%; \tbackground-color: #000; \topacity: 0.5; \ttransition: opacity 0.3s; }  #wonderplugin3dcarousel-3 .wonderplugin3dcarousel-img-overlay:hover, #wonderplugin3dcarousel-3 .wonderplugin3dcarousel-item-current .wonderplugin3dcarousel-img-overlay { \topacity: 0; }  #wonderplugin3dcarousel-3 .wonderplugin3dcarousel-nav { \tdisplay: block; \tposition: relative; \tmargin: 0 auto; \tpadding: 8px; }\");<\/script>\n\t\t<\/div>\n\t\t\n<style>\n#col-91556211 > .col-inner {\n  padding: 0px 0px 0 0px;\n}\n<\/style>\n\t<\/div>\n\n\t\n\n<style>\n#row-1736830585 > .col > .col-inner {\n  background-color: rgb(238, 235, 239);\n}\n<\/style>\n<\/div>\n\t\t<\/div>\n\n\t\t\n<style>\n#section_1611816789 {\n  padding-top: 30px;\n  padding-bottom: 30px;\n  background-color: rgb(238, 235, 239);\n}\n<\/style>\n\t<\/section>\n\t\n\t<section class=\"section home-s6 dark\" id=\"section_874359895\">\n\t\t<div class=\"bg section-bg fill bg-fill  bg-loaded\" >\n\n\t\t\t\n\t\t\t\n\t\t\t\n\n\t\t<\/div>\n\n\t\t<div class=\"section-content relative\">\n\t\t\t\n<div class=\"row align-middle align-center\"  id=\"row-1550976730\">\n\n\t<div id=\"col-1826598042\" class=\"col small-12 large-12\"  >\n\t\t<div class=\"col-inner\"  >\n\t\t\t\n\t\t\t\n<div id=\"s-desktop\">\n<p style=\"text-align: center;\"><span style=\"font-size: 170%;\" data-text-color=\"secondary\"><strong>SOMOS EXPERTOS EN EXPORTACI\u00d3N<\/strong><\/span><\/p>\n<p style=\"text-align: center;\">Cruzamos fronteras con el apoyo de una amplia red de alianzas estrat\u00e9gicas alrededor del mundo.<\/p>\n<p style=\"text-align: center;\"><span data-text-color=\"secondary\"><i class=\"fa fa-envelope \" ><\/i><\/span>\u00a0 <a href=\"mailto:info@laexportcompany.com\">info@laexportcompany.com<\/a>\u00a0 \u00a0 <span data-text-color=\"secondary\"><i class=\"fa fa-phone \" ><\/i>\u00a0<\/span> <a href=\"tel:+14073601421\">+1 (407) 360-1421<\/a><\/p>\n<\/div>\n<div id=\"s-movil\">\n<p style=\"text-align: center;\"><span style=\"font-size: 170%;\" data-text-color=\"secondary\"><strong>SOMOS EXPERTOS EN EXPORTACI\u00d3N<\/strong><\/span><\/p>\n<p style=\"text-align: center;\">Cruzamos fronteras con el apoyo de una amplia red de alianzas estrat\u00e9gicas alrededor del mundo.<\/p>\n<p style=\"text-align: center;\"><span data-text-color=\"secondary\"><i class=\"fa fa-envelope \" ><\/i><\/span>\u00a0 <a href=\"mailto:info@laexportcompany.com\">info@laexportcompany.com<\/a><br \/>\n<span data-text-color=\"secondary\"><i class=\"fa fa-phone \" ><\/i>\u00a0<\/span> <a href=\"tel:+14073601421\">+1 (407) 360-1421<\/a><\/p>\n<\/div>\n\t\t<\/div>\n\t\t\t<\/div>\n\n\t\n<\/div>\n\t\t<\/div>\n\n\t\t\n<style>\n#section_874359895 {\n  padding-top: 30px;\n  padding-bottom: 30px;\n  background-color: #233153;\n}\n<\/style>\n\t<\/section>\n\t\n","protected":false},"excerpt":{"rendered":"","protected":false},"author":1,"featured_media":0,"parent":0,"menu_order":0,"comment_status":"closed","ping_status":"closed","template":"page-blank.php","meta":[],"yoast_head":"<!-- This site is optimized with the Yoast SEO plugin v15.2.1 - https:\/\/yoast.com\/wordpress\/plugins\/seo\/ -->\n<title>Sobre Nosotros - La Export Company<\/title>\n<meta name=\"robots\" content=\"index, follow, max-snippet:-1, max-image-preview:large, max-video-preview:-1\" \/>\n<link rel=\"canonical\" href=\"https:\/\/www.laexportcompany.com\/es\/sobre-nosotros\/\" \/>\n<meta property=\"og:locale\" content=\"es_ES\" \/>\n<meta property=\"og:type\" content=\"article\" \/>\n<meta property=\"og:title\" content=\"Sobre Nosotros - La Export Company\" \/>\n<meta property=\"og:url\" content=\"https:\/\/www.laexportcompany.com\/es\/sobre-nosotros\/\" \/>\n<meta property=\"og:site_name\" content=\"La Export Company\" \/>\n<meta property=\"article:modified_time\" content=\"2020-11-03T21:54:28+00:00\" \/>\n<meta name=\"twitter:card\" content=\"summary_large_image\" \/>\n<meta name=\"twitter:label1\" content=\"Escrito por\">\n\t<meta name=\"twitter:data1\" content=\"adminLA\">\n\t<meta name=\"twitter:label2\" content=\"Tiempo de lectura\">\n\t<meta name=\"twitter:data2\" content=\"2 minutos\">\n<script type=\"application\/ld+json\" class=\"yoast-schema-graph\">{\"@context\":\"https:\/\/schema.org\",\"@graph\":[{\"@type\":\"WebSite\",\"@id\":\"https:\/\/www.laexportcompany.com\/es\/#website\",\"url\":\"https:\/\/www.laexportcompany.com\/es\/\",\"name\":\"La Export Company\",\"description\":\"\",\"potentialAction\":[{\"@type\":\"SearchAction\",\"target\":\"https:\/\/www.laexportcompany.com\/es\/?s={search_term_string}\",\"query-input\":\"required name=search_term_string\"}],\"inLanguage\":\"es\"},{\"@type\":\"WebPage\",\"@id\":\"https:\/\/www.laexportcompany.com\/es\/sobre-nosotros\/#webpage\",\"url\":\"https:\/\/www.laexportcompany.com\/es\/sobre-nosotros\/\",\"name\":\"Sobre Nosotros - La Export Company\",\"isPartOf\":{\"@id\":\"https:\/\/www.laexportcompany.com\/es\/#website\"},\"datePublished\":\"2020-10-20T18:32:55+00:00\",\"dateModified\":\"2020-11-03T21:54:28+00:00\",\"inLanguage\":\"es\",\"potentialAction\":[{\"@type\":\"ReadAction\",\"target\":[\"https:\/\/www.laexportcompany.com\/es\/sobre-nosotros\/\"]}]}]}<\/script>\n<!-- \/ Yoast SEO plugin. -->","_links":{"self":[{"href":"http:\/\/www.laexportcompany.com\/es\/wp-json\/wp\/v2\/pages\/8"}],"collection":[{"href":"http:\/\/www.laexportcompany.com\/es\/wp-json\/wp\/v2\/pages"}],"about":[{"href":"http:\/\/www.laexportcompany.com\/es\/wp-json\/wp\/v2\/types\/page"}],"author":[{"embeddable":true,"href":"http:\/\/www.laexportcompany.com\/es\/wp-json\/wp\/v2\/users\/1"}],"replies":[{"embeddable":true,"href":"http:\/\/www.laexportcompany.com\/es\/wp-json\/wp\/v2\/comments?post=8"}],"version-history":[{"count":40,"href":"http:\/\/www.laexportcompany.com\/es\/wp-json\/wp\/v2\/pages\/8\/revisions"}],"predecessor-version":[{"id":385,"href":"http:\/\/www.laexportcompany.com\/es\/wp-json\/wp\/v2\/pages\/8\/revisions\/385"}],"wp:attachment":[{"href":"http:\/\/www.laexportcompany.com\/es\/wp-json\/wp\/v2\/media?parent=8"}],"curies":[{"name":"wp","href":"https:\/\/api.w.org\/{rel}","templated":true}]}}